{"id":2342,"date":"2017-04-18T16:04:22","date_gmt":"2017-04-18T15:04:22","guid":{"rendered":"https:\/\/keynotespeaker.one\/impression\/"},"modified":"2021-06-18T10:10:13","modified_gmt":"2021-06-18T09:10:13","slug":"impression","status":"publish","type":"page","link":"https:\/\/keynotespeaker.one\/fr\/impression\/","title":{"rendered":"Impression"},"content":{"rendered":"<h3>Prestataire<\/h3>\n<p>Identification du fournisseur conform\u00e9ment au \u00a75 TMG<\/p>\n<p><strong>Groupe de m\u00e9dias CXMXO<\/strong><\/p>\n<p>Soci\u00e9t\u00e9 \u00e0 responsabilit\u00e9 limit\u00e9e CXMXO UG<br \/>\n<span style=\"line-height: 1.5;\">Hansaring 1<br \/>\n<\/span><span style=\"line-height: 1.5;\">50670 Cologne<br \/>\nAllemagne<\/span><\/p>\n<p>T\u00e9l\u00e9phone : +49 221 &#8211; 165 323 &#8211; 79<br \/>\nCourriel : office at cxmxo.com<\/p>\n<p>Gestion \/ Propri\u00e9taire :<\/p>\n<p>Stephan M. Czaja<\/p>\n<p>N\u00b0 du registre du commerce : HRB 83708<br \/>\nTribunal d&rsquo;enregistrement : Tribunal d&rsquo;instance de Cologne<\/p>\n<p>Repr\u00e9sent\u00e9 l\u00e9galement par la soci\u00e9t\u00e9 CXMXO UG (haftungsbeschr\u00e4nkt), Tribunal d&rsquo;instance de Cologne, HRB<br \/>\n&#8211; repr\u00e9sent\u00e9e par le directeur g\u00e9n\u00e9ral Stephan M. Czaja<\/p>\n<p>Num\u00e9ro d&rsquo;identification fiscale : 215\/5089\/1149<br \/>\nNum\u00e9ro d&rsquo;identification de l&rsquo;imp\u00f4t sur le chiffre d&rsquo;affaires conform\u00e9ment \u00e0 la loi sur l&rsquo;imp\u00f4t sur le chiffre d&rsquo;affaires \u00a727a : suit.<br \/>\nVeuillez \u00e9galement consulter nos informations sur la protection des donn\u00e9es.<\/p>\n<p>Responsable du contenu selon le \u00a7 55 Abs. 2 RStV :<br \/>\nCXMXO UG (responsabilit\u00e9 limit\u00e9e)<\/p>\n<h4>Mat\u00e9riel d&rsquo;image \u00e9ditoriale<\/h4>\n<p>\u00a9 yurolaitsalbert &#8211; <a title=\"Fotolia\" href=\"http:\/\/fotolia.com\/\">fotolia.com<\/a> | \u00a9 Astarot &#8211; fotolia <a title=\"Fotolia\" href=\"http:\/\/fotolia.com\/\">.com<\/a> | \u00a9 Minerva Studio &#8211; <a title=\"Fotolia\" href=\"http:\/\/fotolia.com\/\">fotolia.<\/a> com | \u00a9 kiuikson &#8211; fotolia <a title=\"Fotolia\" href=\"http:\/\/fotolia.com\/\">.<\/a> com | \u00a9 VadimGuzhva &#8211; fotolia <a title=\"Fotolia\" href=\"http:\/\/fotolia.com\/\">.<\/a> com | \u00a9 Kurhan &#8211; fotolia.com | \u00a9 Kzenon &#8211; fotolia <a title=\"Fotolia\" href=\"http:\/\/fotolia.com\/\">.<\/a> <a title=\"Fotolia\" href=\"http:\/\/fotolia.com\/\">com<\/a> | merci !<\/p>\n<h3>Avis de non-responsabilit\u00e9 \/ 1<\/h3>\n<p><strong>Contenu de ce site web<\/strong><\/p>\n<p>Le contenu de ce site web est cr\u00e9\u00e9 avec le plus grand soin possible. Toutefois, le fournisseur n&rsquo;assume aucune responsabilit\u00e9 quant \u00e0 l&rsquo;exactitude, l&rsquo;exhaustivit\u00e9 et l&rsquo;actualit\u00e9 du contenu fourni. L&rsquo;utilisation des contenus r\u00e9cup\u00e9rables se fait aux risques et p\u00e9rils de l&rsquo;utilisateur. Les contributions identifi\u00e9es par un nom refl\u00e8tent l&rsquo;opinion de l&rsquo;auteur respectif et pas toujours l&rsquo;opinion du fournisseur.<\/p>\n<p><strong>Disponibilit\u00e9 du site web<\/strong><\/p>\n<p>Le fournisseur s&rsquo;efforcera d&rsquo;offrir le service de r\u00e9cup\u00e9ration sans interruption. Cependant, m\u00eame en prenant toutes les pr\u00e9cautions n\u00e9cessaires, les temps d&rsquo;arr\u00eat ne sont pas \u00e0 exclure. Le fournisseur se r\u00e9serve le droit de modifier ou d&rsquo;interrompre son offre \u00e0 tout moment.<\/p>\n<p><strong>Liens externes<\/strong><\/p>\n<p>Ce site web contient des liens vers des sites web de tiers (\u00ab\u00a0liens externes\u00a0\u00bb). Ces sites web sont soumis \u00e0 la responsabilit\u00e9 de leurs exploitants respectifs. Lors de la cr\u00e9ation des liens externes, le fournisseur a v\u00e9rifi\u00e9 que le contenu externe n&rsquo;enfreignait pas la loi. \u00c0 ce moment-l\u00e0, aucune violation l\u00e9gale n&rsquo;\u00e9tait apparente. Le fournisseur n&rsquo;a aucune influence sur la conception et le contenu actuels et futurs des pages li\u00e9es. L&rsquo;inclusion de liens externes n&rsquo;implique pas que le fournisseur adopte le contenu derri\u00e8re la r\u00e9f\u00e9rence ou le lien comme le sien. Un contr\u00f4le constant de ces liens externes n&rsquo;est pas raisonnable pour le fournisseur sans preuve concr\u00e8te de violations l\u00e9gales. Toutefois, en cas de connaissance de violations l\u00e9gales, ces liens externes seront imm\u00e9diatement supprim\u00e9s.<\/p>\n<p><strong>Annonces<\/strong><\/p>\n<p>L&rsquo;auteur respectif est responsable du contenu des annonces, ainsi que du contenu du site Web annonc\u00e9. L&rsquo;affichage de l&rsquo;annonce ne constitue pas une acceptation par le prestataire.<\/p>\n<p><strong>Pas de relation contractuelle<\/strong><\/p>\n<p>L&rsquo;utilisation du site web du prestataire ne constitue pas une relation contractuelle entre l&rsquo;utilisateur et le prestataire. A cet \u00e9gard, il n&rsquo;existe pas non plus de droits contractuels ou quasi-contractuels \u00e0 l&rsquo;encontre du prestataire. Dans l&rsquo;hypoth\u00e8se o\u00f9 l&rsquo;utilisation du site Internet d\u00e9boucherait sur une relation contractuelle, la limitation de responsabilit\u00e9 suivante s&rsquo;applique \u00e0 titre purement pr\u00e9ventif : le prestataire est responsable en cas d&rsquo;intention et de n\u00e9gligence grave ainsi que de la violation d&rsquo;une obligation contractuelle essentielle (obligation cardinale). Le prestataire est responsable, sous r\u00e9serve, de la r\u00e9paration des dommages typiques du contrat et pr\u00e9visibles au moment de la conclusion du contrat, pour autant que ces dommages soient fond\u00e9s sur une violation par n\u00e9gligence l\u00e9g\u00e8re d&rsquo;obligations cardinales par le prestataire ou l&rsquo;un de ses repr\u00e9sentants l\u00e9gaux ou auxiliaires d&rsquo;ex\u00e9cution. Le prestataire n&rsquo;est pas responsable en cas de violation par n\u00e9gligence l\u00e9g\u00e8re des obligations accessoires qui ne sont pas des obligations cardinales. La responsabilit\u00e9 pour les dommages qui rel\u00e8vent de la protection d&rsquo;une garantie donn\u00e9e par le fournisseur ainsi que la responsabilit\u00e9 pour les demandes fond\u00e9es sur la loi sur la responsabilit\u00e9 du fait des produits et les dommages r\u00e9sultant d&rsquo;une atteinte \u00e0 la vie, \u00e0 l&rsquo;int\u00e9grit\u00e9 physique ou \u00e0 la sant\u00e9 ne sont pas affect\u00e9es.<\/p>\n<h3>Droits d&rsquo;auteur \/ 2<\/h3>\n<p>Les contenus et les \u0153uvres publi\u00e9s sur ce site sont prot\u00e9g\u00e9s par le droit d&rsquo;auteur. Toute utilisation non autoris\u00e9e par la loi allemande sur le droit d&rsquo;auteur requiert le consentement \u00e9crit pr\u00e9alable de l&rsquo;auteur ou du d\u00e9tenteur du droit d&rsquo;auteur concern\u00e9. Cela s&rsquo;applique en particulier \u00e0 la copie, \u00e0 l&rsquo;\u00e9dition, \u00e0 la traduction, au stockage, au traitement ou \u00e0 la reproduction de contenus dans des bases de donn\u00e9es ou d&rsquo;autres m\u00e9dias et syst\u00e8mes \u00e9lectroniques. Les contenus et contributions de tiers sont signal\u00e9s comme tels. La reproduction ou la transmission non autoris\u00e9e de certains contenus ou de pages compl\u00e8tes n&rsquo;est pas autoris\u00e9e et est punie par la loi. Seule la r\u00e9alisation de copies et de t\u00e9l\u00e9chargements pour un usage personnel, priv\u00e9 et non commercial est autoris\u00e9e. Les liens vers le site web du fournisseur sont bienvenus \u00e0 tout moment et ne n\u00e9cessitent pas le consentement du fournisseur du site web. L&rsquo;affichage de ce site web dans des cadres externes n&rsquo;est autoris\u00e9 que sur autorisation.<\/p>\n<h3>Protection des donn\u00e9es \/ 3<\/h3>\n<p>Pour en savoir plus sur la <hiddenlink href=\"https:\/\/fr.keynotespeaker.one\/fr\/datenschutz\/\" data-type=\"page\" data-origin=\"de\" data-origin-url=\"https:\/\/keynotespeaker.one\/de\/datenschutz\/\">protection des donn\u00e9es<\/hiddenlink>, cliquez ici.<\/p>\n","protected":false},"excerpt":{"rendered":"<p>Prestataire Identification du fournisseur conform\u00e9ment au \u00a75 TMG Groupe de m\u00e9dias CXMXO Soci\u00e9t\u00e9 \u00e0 responsabilit\u00e9 limit\u00e9e CXMXO UG Hansaring 1 50670 Cologne Allemagne T\u00e9l\u00e9phone : +49 221 &#8211; 165 323 &#8211; 79 Courriel : office at cxmxo.com Gestion \/ Propri\u00e9taire : Stephan M. Czaja N\u00b0 du registre du commerce : HRB 83708 Tribunal d&rsquo;enregistrement : [&hellip;]<\/p>\n","protected":false},"author":2,"featured_media":0,"parent":0,"menu_order":0,"comment_status":"closed","ping_status":"closed","template":"","meta":[],"yoast_head":"<!-- This site is optimized with the Yoast SEO plugin v21.8.1 - https:\/\/yoast.com\/wordpress\/plugins\/seo\/ -->\n<title>Impression - KY | Keynote Speaker Agency<\/title>\n<meta name=\"robots\" content=\"index, follow, max-snippet:-1, max-image-preview:large, max-video-preview:-1\" \/>\n<link rel=\"canonical\" href=\"https:\/\/keynotespeaker.one\/fr\/impression\/\" \/>\n<meta property=\"og:locale\" content=\"fr_FR\" \/>\n<meta property=\"og:type\" content=\"article\" \/>\n<meta property=\"og:title\" content=\"Impression - KY | Keynote Speaker Agency\" \/>\n<meta property=\"og:description\" content=\"Prestataire Identification du fournisseur conform\u00e9ment au \u00a75 TMG Groupe de m\u00e9dias CXMXO Soci\u00e9t\u00e9 \u00e0 responsabilit\u00e9 limit\u00e9e CXMXO UG Hansaring 1 50670 Cologne Allemagne T\u00e9l\u00e9phone : +49 221 &#8211; 165 323 &#8211; 79 Courriel : office at cxmxo.com Gestion \/ Propri\u00e9taire : Stephan M. Czaja N\u00b0 du registre du commerce : HRB 83708 Tribunal d&rsquo;enregistrement : [&hellip;]\" \/>\n<meta property=\"og:url\" content=\"https:\/\/keynotespeaker.one\/fr\/impression\/\" \/>\n<meta property=\"og:site_name\" content=\"KY | Keynote Speaker Agency\" \/>\n<meta property=\"article:modified_time\" content=\"2021-06-18T09:10:13+00:00\" \/>\n<meta name=\"twitter:card\" content=\"summary_large_image\" \/>\n<script type=\"application\/ld+json\" class=\"yoast-schema-graph\">{\"@context\":\"https:\/\/schema.org\",\"@graph\":[{\"@type\":\"WebPage\",\"@id\":\"https:\/\/keynotespeaker.one\/fr\/impression\/\",\"url\":\"https:\/\/keynotespeaker.one\/fr\/impression\/\",\"name\":\"Impression - KY | Keynote Speaker Agency\",\"isPartOf\":{\"@id\":\"https:\/\/keynotespeaker.one\/#website\"},\"datePublished\":\"2017-04-18T15:04:22+00:00\",\"dateModified\":\"2021-06-18T09:10:13+00:00\",\"breadcrumb\":{\"@id\":\"https:\/\/keynotespeaker.one\/fr\/impression\/#breadcrumb\"},\"inLanguage\":\"fr-FR\",\"potentialAction\":[{\"@type\":\"ReadAction\",\"target\":[\"https:\/\/keynotespeaker.one\/fr\/impression\/\"]}]},{\"@type\":\"BreadcrumbList\",\"@id\":\"https:\/\/keynotespeaker.one\/fr\/impression\/#breadcrumb\",\"itemListElement\":[{\"@type\":\"ListItem\",\"position\":1,\"name\":\"Home\",\"item\":\"https:\/\/keynotespeaker.one\/de\/start\/\"},{\"@type\":\"ListItem\",\"position\":2,\"name\":\"Impression\"}]},{\"@type\":\"WebSite\",\"@id\":\"https:\/\/keynotespeaker.one\/#website\",\"url\":\"https:\/\/keynotespeaker.one\/\",\"name\":\"KY | Keynote Speaker Agency\",\"description\":\"\",\"publisher\":{\"@id\":\"https:\/\/keynotespeaker.one\/#organization\"},\"potentialAction\":[{\"@type\":\"SearchAction\",\"target\":{\"@type\":\"EntryPoint\",\"urlTemplate\":\"https:\/\/keynotespeaker.one\/?s={search_term_string}\"},\"query-input\":\"required name=search_term_string\"}],\"inLanguage\":\"fr-FR\"},{\"@type\":\"Organization\",\"@id\":\"https:\/\/keynotespeaker.one\/#organization\",\"name\":\"Keynote Speaker One\",\"url\":\"https:\/\/keynotespeaker.one\/\",\"logo\":{\"@type\":\"ImageObject\",\"inLanguage\":\"fr-FR\",\"@id\":\"https:\/\/keynotespeaker.one\/#\/schema\/logo\/image\/\",\"url\":\"https:\/\/keynotespeaker.one\/wp-content\/uploads\/2019\/02\/keynote-speaker-agency-logo-learning-health-sport-business-coaching.png\",\"contentUrl\":\"https:\/\/keynotespeaker.one\/wp-content\/uploads\/2019\/02\/keynote-speaker-agency-logo-learning-health-sport-business-coaching.png\",\"width\":244,\"height\":80,\"caption\":\"Keynote Speaker One\"},\"image\":{\"@id\":\"https:\/\/keynotespeaker.one\/#\/schema\/logo\/image\/\"}}]}<\/script>\n<!-- \/ Yoast SEO plugin. -->","yoast_head_json":{"title":"Impression - KY | Keynote Speaker Agency","robots":{"index":"index","follow":"follow","max-snippet":"max-snippet:-1","max-image-preview":"max-image-preview:large","max-video-preview":"max-video-preview:-1"},"canonical":"https:\/\/keynotespeaker.one\/fr\/impression\/","og_locale":"fr_FR","og_type":"article","og_title":"Impression - KY | Keynote Speaker Agency","og_description":"Prestataire Identification du fournisseur conform\u00e9ment au \u00a75 TMG Groupe de m\u00e9dias CXMXO Soci\u00e9t\u00e9 \u00e0 responsabilit\u00e9 limit\u00e9e CXMXO UG Hansaring 1 50670 Cologne Allemagne T\u00e9l\u00e9phone : +49 221 &#8211; 165 323 &#8211; 79 Courriel : office at cxmxo.com Gestion \/ Propri\u00e9taire : Stephan M. Czaja N\u00b0 du registre du commerce : HRB 83708 Tribunal d&rsquo;enregistrement : [&hellip;]","og_url":"https:\/\/keynotespeaker.one\/fr\/impression\/","og_site_name":"KY | Keynote Speaker Agency","article_modified_time":"2021-06-18T09:10:13+00:00","twitter_card":"summary_large_image","schema":{"@context":"https:\/\/schema.org","@graph":[{"@type":"WebPage","@id":"https:\/\/keynotespeaker.one\/fr\/impression\/","url":"https:\/\/keynotespeaker.one\/fr\/impression\/","name":"Impression - KY | Keynote Speaker Agency","isPartOf":{"@id":"https:\/\/keynotespeaker.one\/#website"},"datePublished":"2017-04-18T15:04:22+00:00","dateModified":"2021-06-18T09:10:13+00:00","breadcrumb":{"@id":"https:\/\/keynotespeaker.one\/fr\/impression\/#breadcrumb"},"inLanguage":"fr-FR","potentialAction":[{"@type":"ReadAction","target":["https:\/\/keynotespeaker.one\/fr\/impression\/"]}]},{"@type":"BreadcrumbList","@id":"https:\/\/keynotespeaker.one\/fr\/impression\/#breadcrumb","itemListElement":[{"@type":"ListItem","position":1,"name":"Home","item":"https:\/\/keynotespeaker.one\/de\/start\/"},{"@type":"ListItem","position":2,"name":"Impression"}]},{"@type":"WebSite","@id":"https:\/\/keynotespeaker.one\/#website","url":"https:\/\/keynotespeaker.one\/","name":"KY | Keynote Speaker Agency","description":"","publisher":{"@id":"https:\/\/keynotespeaker.one\/#organization"},"potentialAction":[{"@type":"SearchAction","target":{"@type":"EntryPoint","urlTemplate":"https:\/\/keynotespeaker.one\/?s={search_term_string}"},"query-input":"required name=search_term_string"}],"inLanguage":"fr-FR"},{"@type":"Organization","@id":"https:\/\/keynotespeaker.one\/#organization","name":"Keynote Speaker One","url":"https:\/\/keynotespeaker.one\/","logo":{"@type":"ImageObject","inLanguage":"fr-FR","@id":"https:\/\/keynotespeaker.one\/#\/schema\/logo\/image\/","url":"https:\/\/keynotespeaker.one\/wp-content\/uploads\/2019\/02\/keynote-speaker-agency-logo-learning-health-sport-business-coaching.png","contentUrl":"https:\/\/keynotespeaker.one\/wp-content\/uploads\/2019\/02\/keynote-speaker-agency-logo-learning-health-sport-business-coaching.png","width":244,"height":80,"caption":"Keynote Speaker One"},"image":{"@id":"https:\/\/keynotespeaker.one\/#\/schema\/logo\/image\/"}}]}},"_links":{"self":[{"href":"https:\/\/keynotespeaker.one\/fr\/wp-json\/wp\/v2\/pages\/2342"}],"collection":[{"href":"https:\/\/keynotespeaker.one\/fr\/wp-json\/wp\/v2\/pages"}],"about":[{"href":"https:\/\/keynotespeaker.one\/fr\/wp-json\/wp\/v2\/types\/page"}],"author":[{"embeddable":true,"href":"https:\/\/keynotespeaker.one\/fr\/wp-json\/wp\/v2\/users\/2"}],"replies":[{"embeddable":true,"href":"https:\/\/keynotespeaker.one\/fr\/wp-json\/wp\/v2\/comments?post=2342"}],"version-history":[{"count":0,"href":"https:\/\/keynotespeaker.one\/fr\/wp-json\/wp\/v2\/pages\/2342\/revisions"}],"wp:attachment":[{"href":"https:\/\/keynotespeaker.one\/fr\/wp-json\/wp\/v2\/media?parent=2342"}],"curies":[{"name":"wp","href":"https:\/\/api.w.org\/{rel}","templated":true}]}}