{"id":2339,"date":"2017-04-18T16:04:02","date_gmt":"2017-04-18T15:04:02","guid":{"rendered":"https:\/\/keynotespeaker.one\/contact-2\/"},"modified":"2022-05-19T13:36:02","modified_gmt":"2022-05-19T12:36:02","slug":"contact-2","status":"publish","type":"page","link":"https:\/\/keynotespeaker.one\/fr\/contact-2\/","title":{"rendered":"Contact"},"content":{"rendered":"<div id='av-layout-grid-1'  class='av-layout-grid-container entry-content-wrapper main_color av-flex-cells     avia-builder-el-0  avia-builder-el-no-sibling  av-cell-min-height av-cell-min-height-100 container_wrap sidebar_right'   data-av_minimum_height_pc='100'>\n<div class=\"flex_cell no_margin av_one_half  avia-builder-el-1  el_before_av_cell_one_half  avia-builder-el-first   avia-full-stretch \"  style='background:url(https:\/\/keynotespeaker.one\/wp-content\/uploads\/2021\/06\/prominente-speaker-wirtschaft-celebrity-messe-fair-politiker-politician-talking-to-company-owner-press-media-awareness-1.jpg) top center no-repeat scroll; vertical-align:top; padding:300px 30px 30px 30px ; ' ><div class='flex_cell_inner' ><section class=\"av_textblock_section \"  itemscope=\"itemscope\" itemtype=\"https:\/\/schema.org\/CreativeWork\" ><div class='avia_textblock  '   itemprop=\"text\" ><p><img decoding=\"async\" loading=\"lazy\" class=\"aligncenter\" src=\"https:\/\/keynotespeaker.one\/wp-content\/uploads\/2019\/02\/keynote-speaker-agency-logo-learning-health-sport-business-coaching-white.png\" alt=\"\" width=\"298\" height=\"90\" \/><\/p>\n<\/div><\/section>\n<\/div><\/div><div class=\"flex_cell no_margin av_one_half  avia-builder-el-3  el_after_av_cell_one_half  avia-builder-el-last   \"  style='vertical-align:middle; padding:30px; ' ><div class='flex_cell_inner' ><p>\n<style type=\"text\/css\" id=\"style-css-av-av_one_fifth-77d9d6baa5142d98017cecb6ccff7258\">\n#top .flex_column.av-av_one_fifth-77d9d6baa5142d98017cecb6ccff7258{\nborder-radius:0px;\n-webkit-border-radius:0px;\n-moz-border-radius:0px;\npadding:0px;\n}\n<\/style>\n<div class='flex_column av-av_one_fifth-77d9d6baa5142d98017cecb6ccff7258 av_one_fifth  avia-builder-el-4  el_before_av_three_fifth  avia-builder-el-first  first flex_column_div av-zero-column-padding '   ><\/div>\n<style type=\"text\/css\" id=\"style-css-av-av_three_fifth-8932daf3a99c9fcd638739463ea2f9e2\">\n#top .flex_column.av-av_three_fifth-8932daf3a99c9fcd638739463ea2f9e2{\nborder-radius:0px;\n-webkit-border-radius:0px;\n-moz-border-radius:0px;\npadding:0px;\n}\n<\/style>\n<div class='flex_column av-av_three_fifth-8932daf3a99c9fcd638739463ea2f9e2 av_three_fifth  avia-builder-el-5  el_after_av_one_fifth  avia-builder-el-last  flex_column_div av-zero-column-padding '   ><section class=\"av_textblock_section \"  itemscope=\"itemscope\" itemtype=\"https:\/\/schema.org\/CreativeWork\" ><div class='avia_textblock  '   itemprop=\"text\" ><h1>Keynote Speaker One<\/h1>\n<p>Un v\u00e9ritable savoir-faire issu de l&rsquo;exp\u00e9rience : telle est notre exigence de qualit\u00e9. Avec notre <a href=\"https:\/\/keynotespeaker.one\/fr\/\">agence de speakers<\/a>, vous trouverez de nombreux orateurs parmi les plus exp\u00e9riment\u00e9s et les plus performants dans presque tous les secteurs. N&rsquo;h\u00e9sitez pas \u00e0 nous contacter pour des speakers c\u00e9l\u00e8bres, qu&rsquo;il s&rsquo;agisse d&rsquo;une banque d&rsquo;investissement ou d&rsquo;une PME.<\/p>\n<h3>Contact<\/h3>\n<p>En raison du grand nombre de demandes, nous vous prions d&rsquo;abord d&rsquo;\u00e9crire un e-mail. Notre \u00e9quipe vous r\u00e9pondra dans les plus brefs d\u00e9lais.<\/p>\n<p><a href=\"mailto:office@keynotespeaker.one\">office@keynotespeaker.one<\/a><\/p>\n<p>Nous nous r\u00e9jouissons de votre demande !<\/p>\n<p><img decoding=\"async\" loading=\"lazy\" class=\"alignnone\" src=\"https:\/\/keynotespeaker.one\/wp-content\/uploads\/2021\/06\/speaker-agency-agentur-experts-keynote-stephan-czaja-owner.png\" alt=\"\" width=\"109\" height=\"74\" \/><\/p>\n<p><span style=\"font-size: 0.8em;\">Stephan M. Czaja, propri\u00e9taire<\/span><\/p>\n<\/div><\/section><\/div><\/p>\n<\/div><\/div><\/div>\n","protected":false},"excerpt":{"rendered":"","protected":false},"author":2,"featured_media":0,"parent":0,"menu_order":0,"comment_status":"closed","ping_status":"closed","template":"","meta":[],"yoast_head":"<!-- This site is optimized with the Yoast SEO plugin v21.8.1 - https:\/\/yoast.com\/wordpress\/plugins\/seo\/ -->\n<title>Contact - KY | Keynote Speaker Agency<\/title>\n<meta name=\"robots\" content=\"index, follow, max-snippet:-1, max-image-preview:large, max-video-preview:-1\" \/>\n<link rel=\"canonical\" href=\"https:\/\/keynotespeaker.one\/fr\/contact-2\/\" \/>\n<meta property=\"og:locale\" content=\"fr_FR\" \/>\n<meta property=\"og:type\" content=\"article\" \/>\n<meta property=\"og:title\" content=\"Contact - KY | Keynote Speaker Agency\" \/>\n<meta property=\"og:url\" content=\"https:\/\/keynotespeaker.one\/fr\/contact-2\/\" \/>\n<meta property=\"og:site_name\" content=\"KY | Keynote Speaker Agency\" \/>\n<meta property=\"article:modified_time\" content=\"2022-05-19T12:36:02+00:00\" \/>\n<meta property=\"og:image\" content=\"https:\/\/keynotespeaker.one\/wp-content\/uploads\/2019\/02\/keynote-speaker-agency-logo-learning-health-sport-business-coaching-white.png\" \/>\n<meta name=\"twitter:card\" content=\"summary_large_image\" \/>\n<script type=\"application\/ld+json\" class=\"yoast-schema-graph\">{\"@context\":\"https:\/\/schema.org\",\"@graph\":[{\"@type\":\"WebPage\",\"@id\":\"https:\/\/keynotespeaker.one\/fr\/contact-2\/\",\"url\":\"https:\/\/keynotespeaker.one\/fr\/contact-2\/\",\"name\":\"Contact - KY | Keynote Speaker Agency\",\"isPartOf\":{\"@id\":\"https:\/\/keynotespeaker.one\/#website\"},\"datePublished\":\"2017-04-18T15:04:02+00:00\",\"dateModified\":\"2022-05-19T12:36:02+00:00\",\"breadcrumb\":{\"@id\":\"https:\/\/keynotespeaker.one\/fr\/contact-2\/#breadcrumb\"},\"inLanguage\":\"fr-FR\",\"potentialAction\":[{\"@type\":\"ReadAction\",\"target\":[\"https:\/\/keynotespeaker.one\/fr\/contact-2\/\"]}]},{\"@type\":\"BreadcrumbList\",\"@id\":\"https:\/\/keynotespeaker.one\/fr\/contact-2\/#breadcrumb\",\"itemListElement\":[{\"@type\":\"ListItem\",\"position\":1,\"name\":\"Home\",\"item\":\"https:\/\/keynotespeaker.one\/de\/start\/\"},{\"@type\":\"ListItem\",\"position\":2,\"name\":\"Contact\"}]},{\"@type\":\"WebSite\",\"@id\":\"https:\/\/keynotespeaker.one\/#website\",\"url\":\"https:\/\/keynotespeaker.one\/\",\"name\":\"KY | Keynote Speaker Agency\",\"description\":\"\",\"publisher\":{\"@id\":\"https:\/\/keynotespeaker.one\/#organization\"},\"potentialAction\":[{\"@type\":\"SearchAction\",\"target\":{\"@type\":\"EntryPoint\",\"urlTemplate\":\"https:\/\/keynotespeaker.one\/?s={search_term_string}\"},\"query-input\":\"required name=search_term_string\"}],\"inLanguage\":\"fr-FR\"},{\"@type\":\"Organization\",\"@id\":\"https:\/\/keynotespeaker.one\/#organization\",\"name\":\"Keynote Speaker One\",\"url\":\"https:\/\/keynotespeaker.one\/\",\"logo\":{\"@type\":\"ImageObject\",\"inLanguage\":\"fr-FR\",\"@id\":\"https:\/\/keynotespeaker.one\/#\/schema\/logo\/image\/\",\"url\":\"https:\/\/keynotespeaker.one\/wp-content\/uploads\/2019\/02\/keynote-speaker-agency-logo-learning-health-sport-business-coaching.png\",\"contentUrl\":\"https:\/\/keynotespeaker.one\/wp-content\/uploads\/2019\/02\/keynote-speaker-agency-logo-learning-health-sport-business-coaching.png\",\"width\":244,\"height\":80,\"caption\":\"Keynote Speaker One\"},\"image\":{\"@id\":\"https:\/\/keynotespeaker.one\/#\/schema\/logo\/image\/\"}}]}<\/script>\n<!-- \/ Yoast SEO plugin. -->","yoast_head_json":{"title":"Contact - KY | Keynote Speaker Agency","robots":{"index":"index","follow":"follow","max-snippet":"max-snippet:-1","max-image-preview":"max-image-preview:large","max-video-preview":"max-video-preview:-1"},"canonical":"https:\/\/keynotespeaker.one\/fr\/contact-2\/","og_locale":"fr_FR","og_type":"article","og_title":"Contact - KY | Keynote Speaker Agency","og_url":"https:\/\/keynotespeaker.one\/fr\/contact-2\/","og_site_name":"KY | Keynote Speaker Agency","article_modified_time":"2022-05-19T12:36:02+00:00","og_image":[{"url":"https:\/\/keynotespeaker.one\/wp-content\/uploads\/2019\/02\/keynote-speaker-agency-logo-learning-health-sport-business-coaching-white.png"}],"twitter_card":"summary_large_image","schema":{"@context":"https:\/\/schema.org","@graph":[{"@type":"WebPage","@id":"https:\/\/keynotespeaker.one\/fr\/contact-2\/","url":"https:\/\/keynotespeaker.one\/fr\/contact-2\/","name":"Contact - KY | Keynote Speaker Agency","isPartOf":{"@id":"https:\/\/keynotespeaker.one\/#website"},"datePublished":"2017-04-18T15:04:02+00:00","dateModified":"2022-05-19T12:36:02+00:00","breadcrumb":{"@id":"https:\/\/keynotespeaker.one\/fr\/contact-2\/#breadcrumb"},"inLanguage":"fr-FR","potentialAction":[{"@type":"ReadAction","target":["https:\/\/keynotespeaker.one\/fr\/contact-2\/"]}]},{"@type":"BreadcrumbList","@id":"https:\/\/keynotespeaker.one\/fr\/contact-2\/#breadcrumb","itemListElement":[{"@type":"ListItem","position":1,"name":"Home","item":"https:\/\/keynotespeaker.one\/de\/start\/"},{"@type":"ListItem","position":2,"name":"Contact"}]},{"@type":"WebSite","@id":"https:\/\/keynotespeaker.one\/#website","url":"https:\/\/keynotespeaker.one\/","name":"KY | Keynote Speaker Agency","description":"","publisher":{"@id":"https:\/\/keynotespeaker.one\/#organization"},"potentialAction":[{"@type":"SearchAction","target":{"@type":"EntryPoint","urlTemplate":"https:\/\/keynotespeaker.one\/?s={search_term_string}"},"query-input":"required name=search_term_string"}],"inLanguage":"fr-FR"},{"@type":"Organization","@id":"https:\/\/keynotespeaker.one\/#organization","name":"Keynote Speaker One","url":"https:\/\/keynotespeaker.one\/","logo":{"@type":"ImageObject","inLanguage":"fr-FR","@id":"https:\/\/keynotespeaker.one\/#\/schema\/logo\/image\/","url":"https:\/\/keynotespeaker.one\/wp-content\/uploads\/2019\/02\/keynote-speaker-agency-logo-learning-health-sport-business-coaching.png","contentUrl":"https:\/\/keynotespeaker.one\/wp-content\/uploads\/2019\/02\/keynote-speaker-agency-logo-learning-health-sport-business-coaching.png","width":244,"height":80,"caption":"Keynote Speaker One"},"image":{"@id":"https:\/\/keynotespeaker.one\/#\/schema\/logo\/image\/"}}]}},"_links":{"self":[{"href":"https:\/\/keynotespeaker.one\/fr\/wp-json\/wp\/v2\/pages\/2339"}],"collection":[{"href":"https:\/\/keynotespeaker.one\/fr\/wp-json\/wp\/v2\/pages"}],"about":[{"href":"https:\/\/keynotespeaker.one\/fr\/wp-json\/wp\/v2\/types\/page"}],"author":[{"embeddable":true,"href":"https:\/\/keynotespeaker.one\/fr\/wp-json\/wp\/v2\/users\/2"}],"replies":[{"embeddable":true,"href":"https:\/\/keynotespeaker.one\/fr\/wp-json\/wp\/v2\/comments?post=2339"}],"version-history":[{"count":0,"href":"https:\/\/keynotespeaker.one\/fr\/wp-json\/wp\/v2\/pages\/2339\/revisions"}],"wp:attachment":[{"href":"https:\/\/keynotespeaker.one\/fr\/wp-json\/wp\/v2\/media?parent=2339"}],"curies":[{"name":"wp","href":"https:\/\/api.w.org\/{rel}","templated":true}]}}